{"id":5823,"date":"2018-01-09T15:47:43","date_gmt":"2018-01-09T13:47:43","guid":{"rendered":"http:\/\/www.aldemarroyalmare.gr\/homepage\/"},"modified":"2020-12-02T18:30:20","modified_gmt":"2020-12-02T16:30:20","slug":"homepage","status":"publish","type":"page","link":"https:\/\/www.aldemarroyalmare.gr\/de\/","title":{"rendered":"Homepage"},"content":{"rendered":"<p>Das Aldemar Royal Mare, ein 5-Sterne-Resort in Hersonissos auf Kreta, bietet Ihnen alle Attraktionen und Annehmlichkeiten, die Sie von einem Luxushotel erwarten, und einen erstklassigen Service. Spektakul\u00e4re Aussichten auf das Meer, angelegte G\u00e4rten, t\u00fcrkisfarbene Pools und ein privater Strand umgeben ein Reich der Entspannung und das beste Thalasso &amp; Spa Center der Welt! Genie\u00dfen Sie ein temperamentvolles Spiel in unserem Tennisclub und entdecken Sie die Geheimnisse der kretischen K\u00fcche mit au\u00dfergew\u00f6hnlichen Zutaten und unverwechselbaren mediterranen Aromen.<\/p>\n","protected":false},"excerpt":{"rendered":"Das Aldemar Royal Mare, ein 5-Sterne-Resort in Hersonissos auf Kreta, bietet Ihnen alle Attraktionen und Annehmlichkeiten, die Sie von einem Luxushotel erwarten, und einen erstklassigen Service. Spektakul\u00e4re Aussichten auf das Meer, angelegte G\u00e4rten, t\u00fcrkisfarbene Pools und ein privater Strand umgeben ein Reich der Entspannung und das beste Thalasso &amp; Spa Center der Welt! Genie\u00dfen Sie [&hellip;]","protected":false},"author":1,"featured_media":5267,"parent":0,"menu_order":0,"comment_status":"closed","ping_status":"closed","template":"","meta":{"_editorskit_title_hidden":false,"_editorskit_reading_time":0},"yst_prominent_words":[193,190,188,185,251,249,186],"_links":{"self":[{"href":"https:\/\/www.aldemarroyalmare.gr\/de\/wp-json\/wp\/v2\/pages\/5823"}],"collection":[{"href":"https:\/\/www.aldemarroyalmare.gr\/de\/wp-json\/wp\/v2\/pages"}],"about":[{"href":"https:\/\/www.aldemarroyalmare.gr\/de\/wp-json\/wp\/v2\/types\/page"}],"author":[{"embeddable":true,"href":"https:\/\/www.aldemarroyalmare.gr\/de\/wp-json\/wp\/v2\/users\/1"}],"replies":[{"embeddable":true,"href":"https:\/\/www.aldemarroyalmare.gr\/de\/wp-json\/wp\/v2\/comments?post=5823"}],"version-history":[{"count":10,"href":"https:\/\/www.aldemarroyalmare.gr\/de\/wp-json\/wp\/v2\/pages\/5823\/revisions"}],"predecessor-version":[{"id":8556,"href":"https:\/\/www.aldemarroyalmare.gr\/de\/wp-json\/wp\/v2\/pages\/5823\/revisions\/8556"}],"wp:featuredmedia":[{"embeddable":true,"href":"https:\/\/www.aldemarroyalmare.gr\/de\/wp-json\/wp\/v2\/media\/5267"}],"wp:attachment":[{"href":"https:\/\/www.aldemarroyalmare.gr\/de\/wp-json\/wp\/v2\/media?parent=5823"}],"wp:term":[{"taxonomy":"yst_prominent_words","embeddable":true,"href":"https:\/\/www.aldemarroyalmare.gr\/de\/wp-json\/wp\/v2\/yst_prominent_words?post=5823"}],"curies":[{"name":"wp","href":"https:\/\/api.w.org\/{rel}","templated":true}]}}