{"id":6357,"date":"2018-03-23T13:48:40","date_gmt":"2018-03-23T11:48:40","guid":{"rendered":"http:\/\/www.aldemarroyalmare.gr\/services-facilities\/tennis\/"},"modified":"2019-11-15T11:51:43","modified_gmt":"2019-11-15T09:51:43","slug":"tennis","status":"publish","type":"page","link":"https:\/\/www.aldemarroyalmare.gr\/de\/services-facilities\/tennis\/","title":{"rendered":"TENNIS"},"content":{"rendered":"<p style=\"text-align: left\"><strong>TOP-KLASSE PL\u00c4TZE<\/strong><br \/>\nEs gibt den harten Center Court, der 250 Zuschauerpl\u00e4tze bietet, 7 rote Sandpl\u00e4tze (f\u00fcr ein Einzelspiel), 2 Squashpl\u00e4tze, einen Platz f\u00fcr G\u00e4ste mit Behinderungen und ein beleuchtetes Spielfeld f\u00fcr das Nachtspiel.<\/p>\n<p style=\"text-align: left\"><strong>TENNISVEREIN<\/strong><br \/>\nDas zweist\u00f6ckige Club House bietet alle Annehmlichkeiten f\u00fcr Profis und Amateure: Rezeption, Umkleider\u00e4ume f\u00fcr M\u00e4nner und Frauen, Duschen, Lager\u00e4ume, Laden mit Tennisausr\u00fcstung, Reparaturservice und nat\u00fcrlich ein Caf\u00e9 mit Terrasse und Blick auf die Spielpl\u00e4tze und das \u00c4g\u00e4ische Meer.<\/p>\n<p style=\"text-align: left\"><strong>TENNISSTUNDEN<\/strong><br \/>\nDie erfahrenen, mehrsprachigen Trainer in unserem Tenniscenter bieten Tennisstunden f\u00fcr jedes Alter und jedes Niveau (Anf\u00e4nger und Fortgeschrittene).<\/p>\n<p style=\"text-align: left\">Vergessen Sie nicht, Ihre Stunde vorher zu BCHEN!<\/p>\n<p style=\"text-align: left\"><strong>TENNIS SHOP<\/strong><br \/>\nBesuchen Sie den Pro-Shop f\u00fcr Produkte, die mit Tennis zu tun haben. Dort finden Sie spezielle Kleidung, Sportger\u00e4te und Accessoires f\u00fcr M\u00e4nner, Frauen und Kinder. Unsere Mitarbeiter stehen Ihnen zur Verf\u00fcgung, um Sie bei Ihrer Auswahl zu unterst\u00fctzen. Wenn Sie Tennisausr\u00fcstung (z.B. Schl\u00e4ger) mieten m\u00f6chten, wenden Sie sich bitte an unsere Mitarbeiter.<\/p>\n<hr \/>\n<p style=\"text-align: left\">Die international renommierte <strong>Sunball Tennisschule<\/strong> bietet einen umfangreichen<br \/>\nund professionellen Tennis-Service:<br \/>\n&#8211; Einzel- und Gruppenunterricht f\u00fcr alle Spielst\u00e4rken und Altersklassen<br \/>\n&#8211; Spezielle Kurse f\u00fcr Kinder und Teenies<br \/>\n&#8211; w\u00f6chentliche G\u00e4steturniere (Einzel-, Doppel\/Mixed- und Kinderturniere)<br \/>\n&#8211; Schnupperstunden<br \/>\n&#8211; Events mit Ex-Profispielern<br \/>\n&#8211; Wilson und Babolat Schl\u00e4gerverleih<br \/>\n&#8211; Wilson und Babolat Materialverkauf<br \/>\n&#8211; Besaitungsservice<br \/>\nWeitere Infos unter<a href=\"https:\/\/www.sunball-tennis.de\/en\/\"> www.sunball-tennis.com.<\/a><\/p>\n<p style=\"text-align: left\">Sunball ist die gr\u00f6\u00dfte internationale Tennisschule im Tourismus mit Stationen in 12 L\u00e4ndern (Italien, Spanien, Griechenland, Portugal, Zypern, Dubai, Deutschland, T\u00fcrkei, Tunesien, \u00c4gypten, Kroatien, \u00d6sterreich). Alle Sunball Trainer besitzen internationale Trainer-Lizenzen und eine hohe Spielst\u00e4rke.<\/p>\n","protected":false},"excerpt":{"rendered":"Verbrennen Sie Energie auf unseren Tennispl\u00e4tzen (2 Pl\u00e4tze mit Quarzsand) oder auf dem Squash Court, spielen Sie eine Partie Tischtennis und Minigolf, besuchen Sie das Fitnesscenter, nehmen Sie an speziellen Sportturnieren teil und genie\u00dfen Sie die Trainingsprogramme mit unserer Fitnesstrainern.\r\n","protected":false},"author":11,"featured_media":828,"parent":6284,"menu_order":0,"comment_status":"closed","ping_status":"closed","template":"","meta":{"_editorskit_title_hidden":false,"_editorskit_reading_time":0},"yst_prominent_words":[264,253,190,196,185,251,265,255,246,254,250,249,209,256,257,263,247,262,261,252],"_links":{"self":[{"href":"https:\/\/www.aldemarroyalmare.gr\/de\/wp-json\/wp\/v2\/pages\/6357"}],"collection":[{"href":"https:\/\/www.aldemarroyalmare.gr\/de\/wp-json\/wp\/v2\/pages"}],"about":[{"href":"https:\/\/www.aldemarroyalmare.gr\/de\/wp-json\/wp\/v2\/types\/page"}],"author":[{"embeddable":true,"href":"https:\/\/www.aldemarroyalmare.gr\/de\/wp-json\/wp\/v2\/users\/11"}],"replies":[{"embeddable":true,"href":"https:\/\/www.aldemarroyalmare.gr\/de\/wp-json\/wp\/v2\/comments?post=6357"}],"version-history":[{"count":7,"href":"https:\/\/www.aldemarroyalmare.gr\/de\/wp-json\/wp\/v2\/pages\/6357\/revisions"}],"predecessor-version":[{"id":7010,"href":"https:\/\/www.aldemarroyalmare.gr\/de\/wp-json\/wp\/v2\/pages\/6357\/revisions\/7010"}],"up":[{"embeddable":true,"href":"https:\/\/www.aldemarroyalmare.gr\/de\/wp-json\/wp\/v2\/pages\/6284"}],"wp:featuredmedia":[{"embeddable":true,"href":"https:\/\/www.aldemarroyalmare.gr\/de\/wp-json\/wp\/v2\/media\/828"}],"wp:attachment":[{"href":"https:\/\/www.aldemarroyalmare.gr\/de\/wp-json\/wp\/v2\/media?parent=6357"}],"wp:term":[{"taxonomy":"yst_prominent_words","embeddable":true,"href":"https:\/\/www.aldemarroyalmare.gr\/de\/wp-json\/wp\/v2\/yst_prominent_words?post=6357"}],"curies":[{"name":"wp","href":"https:\/\/api.w.org\/{rel}","templated":true}]}}