{"id":6294,"date":"2018-03-23T17:53:51","date_gmt":"2018-03-23T15:53:51","guid":{"rendered":"http:\/\/www.aldemarroyalmare.gr\/services-facilities\/activities\/"},"modified":"2019-08-05T10:20:02","modified_gmt":"2019-08-05T07:20:02","slug":"activities","status":"publish","type":"page","link":"https:\/\/www.aldemarroyalmare.gr\/fr\/services-facilities\/activities\/","title":{"rendered":"ACTIVITIES"},"content":{"rendered":"<p>Gratuit: 2 grandes piscines ext\u00e9rieures d&rsquo;eau douce, 1 bain \u00e0 remous en plein air (eau douce), 1 piscine int\u00e9rieure chauff\u00e9e (eau douce), 1 piscine ext\u00e9rieure d&rsquo;eau douce pour enfants, une plage de sable avec des galets, des transats et des parasols de plage et de plage , Douches ext\u00e9rieures, cabines pour se changer, 4 courts de tennis en sable de quartz, 2 tables de ping-pong, mini-golf, beach volley, centre de remise en forme, animations en soir\u00e9e, concerts, spectacles de danse \/ DJ, salle de bridge, t\u00e9l\u00e9vision \u00e0 grand \u00e9cran, activit\u00e9s quotidiennes \u00e9quipe d&rsquo;animation, cours de cuisine traditionnelle grecque (une fois par semaine).<\/p>\n<p>Payant: Terrain de tennis \u00e9clair\u00e9, Cours de tennis, Club de tennis (7 courts en terre battue rouge) ouverts tous les jours de 07:00 \u00e0 00:00, 2 courts de squash, Billard, Sauna, Hammam et douche \u00e0 vapeur<br \/>\nCentre de sports nautiques, cano\u00eb-kayak, planche \u00e0 voile, ski nautique, p\u00e9dalo, parasailing, catamaran, balades en banane, programmes de thalassoth\u00e9rapie au Royal Mare Thalasso Center, salle de jeux, centre de plong\u00e9e, \u00ab\u00a0\u00a0\u00bbThe Cr\u00e8te Golf Club\u00a0\u00bb\u00a0\u00bb, parcours de golf de 18 trous ( \u00e0 7 km de l&rsquo;h\u00f4tel), centre \u00e9questre (\u00e0 3 km de l&rsquo;h\u00f4tel), aquarium de Cr\u00e8te (\u00e0 10 km de l&rsquo;h\u00f4tel), gazebos sur demande, avec suppl\u00e9ment, soir\u00e9es \u00e0 th\u00e8me et sp\u00e9ciales (sur r\u00e9servation), forfaits mariage<\/p>\n","protected":false},"excerpt":{"rendered":"2 grandes piscines ext\u00e9rieures d&rsquo;eau douce, 1 bain \u00e0 remous en plein air (eau douce), 1 piscine int\u00e9rieure chauff\u00e9e (eau douce), 1 piscine ext\u00e9rieure d&rsquo;eau douce pour enfants, une plage de sable avec des galets, des transats et des parasols de plage et de plage , Douches ext\u00e9rieures, cabines pour se changer, 4 courts de tennis en sable de quartz, 2 tables de ping-pong, mini-golf, beach volley, centre de remise en forme, animations en soir\u00e9e, concerts, spectacles de danse \/ DJ, salle de bridge, t\u00e9l\u00e9vision \u00e0 grand \u00e9cran, activit\u00e9s quotidiennes \u00e9quipe d&rsquo;animation, cours de cuisine traditionnelle grecque (une fois par semaine).\r\n\r\n","protected":false},"author":11,"featured_media":1926,"parent":6283,"menu_order":0,"comment_status":"closed","ping_status":"closed","template":"","meta":{"_editorskit_title_hidden":false,"_editorskit_reading_time":0},"yst_prominent_words":[],"_links":{"self":[{"href":"https:\/\/www.aldemarroyalmare.gr\/fr\/wp-json\/wp\/v2\/pages\/6294"}],"collection":[{"href":"https:\/\/www.aldemarroyalmare.gr\/fr\/wp-json\/wp\/v2\/pages"}],"about":[{"href":"https:\/\/www.aldemarroyalmare.gr\/fr\/wp-json\/wp\/v2\/types\/page"}],"author":[{"embeddable":true,"href":"https:\/\/www.aldemarroyalmare.gr\/fr\/wp-json\/wp\/v2\/users\/11"}],"replies":[{"embeddable":true,"href":"https:\/\/www.aldemarroyalmare.gr\/fr\/wp-json\/wp\/v2\/comments?post=6294"}],"version-history":[{"count":5,"href":"https:\/\/www.aldemarroyalmare.gr\/fr\/wp-json\/wp\/v2\/pages\/6294\/revisions"}],"predecessor-version":[{"id":6330,"href":"https:\/\/www.aldemarroyalmare.gr\/fr\/wp-json\/wp\/v2\/pages\/6294\/revisions\/6330"}],"up":[{"embeddable":true,"href":"https:\/\/www.aldemarroyalmare.gr\/fr\/wp-json\/wp\/v2\/pages\/6283"}],"wp:featuredmedia":[{"embeddable":true,"href":"https:\/\/www.aldemarroyalmare.gr\/fr\/wp-json\/wp\/v2\/media\/1926"}],"wp:attachment":[{"href":"https:\/\/www.aldemarroyalmare.gr\/fr\/wp-json\/wp\/v2\/media?parent=6294"}],"wp:term":[{"taxonomy":"yst_prominent_words","embeddable":true,"href":"https:\/\/www.aldemarroyalmare.gr\/fr\/wp-json\/wp\/v2\/yst_prominent_words?post=6294"}],"curies":[{"name":"wp","href":"https:\/\/api.w.org\/{rel}","templated":true}]}}