{"id":5311,"date":"2018-03-21T16:01:26","date_gmt":"2018-03-21T14:01:26","guid":{"rendered":"http:\/\/www.aldemarroyalmare.gr\/destination\/"},"modified":"2019-07-16T11:48:23","modified_gmt":"2019-07-16T08:48:23","slug":"destination","status":"publish","type":"page","link":"https:\/\/www.aldemarroyalmare.gr\/it\/destination\/","title":{"rendered":"DESTINATION"},"content":{"rendered":"<p>Creta \u00e8 la pi\u00f9 estesa di tutte le isole greche, con una superficie totale di 8.336 km\u00b2, 1.100 km di costa e una popolazione di circa 600.000 abitanti. Creta \u00e8 inoltre considerata una delle zone pi\u00f9 prospere della Grecia. Lo sviluppo dell&#8217;isola \u00e8 stato favorito dalla sua posizione geografica, dal clima e dalle numerose bellezze naturali, nonch\u00e9 dal suo patrimonio culturale e storico unico. Creta \u00e8 rinomata per le sue catene montuose mozzafiato, le lunghe spiagge sabbiose e il mare cristallino. Il clima e l&#8217;ambiente cretesi favoriscono la diffusione di molte specie diverse di fauna selvatica. Sull&#8217;isola si possono reperire pi\u00f9 di 100 tipi di fiori e piante, sparsi nelle alte montagne e nelle tredici profonde gole  (la pi\u00f9 famosa delle quali \u00e8 la gola di Samaria).<\/p>\n","protected":false},"excerpt":{"rendered":"Creta \u00e8 la pi\u00f9 estesa di tutte le isole greche, con una superficie totale di 8.336 km\u00b2, 1.100 km di costa e una popolazione di circa 600.000 abitanti. Creta \u00e8 inoltre considerata una delle zone pi\u00f9 prospere della Grecia. Lo sviluppo dell&#8217;isola \u00e8 stato favorito dalla sua posizione geografica, dal clima e dalle numerose bellezze [&hellip;]","protected":false},"author":7,"featured_media":5313,"parent":0,"menu_order":0,"comment_status":"closed","ping_status":"closed","template":"destination.php","meta":{"_editorskit_title_hidden":false,"_editorskit_reading_time":0},"yst_prominent_words":[],"_links":{"self":[{"href":"https:\/\/www.aldemarroyalmare.gr\/it\/wp-json\/wp\/v2\/pages\/5311"}],"collection":[{"href":"https:\/\/www.aldemarroyalmare.gr\/it\/wp-json\/wp\/v2\/pages"}],"about":[{"href":"https:\/\/www.aldemarroyalmare.gr\/it\/wp-json\/wp\/v2\/types\/page"}],"author":[{"embeddable":true,"href":"https:\/\/www.aldemarroyalmare.gr\/it\/wp-json\/wp\/v2\/users\/7"}],"replies":[{"embeddable":true,"href":"https:\/\/www.aldemarroyalmare.gr\/it\/wp-json\/wp\/v2\/comments?post=5311"}],"version-history":[{"count":3,"href":"https:\/\/www.aldemarroyalmare.gr\/it\/wp-json\/wp\/v2\/pages\/5311\/revisions"}],"predecessor-version":[{"id":5638,"href":"https:\/\/www.aldemarroyalmare.gr\/it\/wp-json\/wp\/v2\/pages\/5311\/revisions\/5638"}],"wp:featuredmedia":[{"embeddable":true,"href":"https:\/\/www.aldemarroyalmare.gr\/it\/wp-json\/wp\/v2\/media\/5313"}],"wp:attachment":[{"href":"https:\/\/www.aldemarroyalmare.gr\/it\/wp-json\/wp\/v2\/media?parent=5311"}],"wp:term":[{"taxonomy":"yst_prominent_words","embeddable":true,"href":"https:\/\/www.aldemarroyalmare.gr\/it\/wp-json\/wp\/v2\/yst_prominent_words?post=5311"}],"curies":[{"name":"wp","href":"https:\/\/api.w.org\/{rel}","templated":true}]}}